{"id":3108,"date":"2024-07-22T11:14:33","date_gmt":"2024-07-22T09:14:33","guid":{"rendered":"https:\/\/derechoprocesal.umh.es\/?page_id=3108"},"modified":"2024-07-22T12:12:09","modified_gmt":"2024-07-22T10:12:09","slug":"pildoras-en-materia-de-violencia-de-genero-creadas-por-el-grupo-de-trabajo","status":"publish","type":"page","link":"https:\/\/derechoprocesal.umh.es\/ca\/material-audiovisual\/pildoras-en-materia-de-violencia-de-genero-creadas-por-el-grupo-de-trabajo\/","title":{"rendered":"<span lang=\"es\">(Espa\u00f1ol) P\u00edldoras en materia de violencia de g\u00e9nero creadas por el grupo de trabajo<\/span>"},"content":{"rendered":"<p class=\"qtranxs-available-languages-message qtranxs-available-languages-message-ca\">Ho sentim, aquesta entrada es troba disponible \u00fanicament en <a href=\"https:\/\/derechoprocesal.umh.es\/es\/wp-json\/wp\/v2\/pages\/3108\" class=\"qtranxs-available-language-link qtranxs-available-language-link-es\" title=\"Espa\u00f1ol\">Espanyol Europeu<\/a>.<\/p>","protected":false},"excerpt":{"rendered":"<p>Ho sentim, aquesta entrada es troba disponible \u00fanicament en Espanyol Europeu.<\/p>\n","protected":false},"author":3350,"featured_media":0,"parent":572,"menu_order":0,"comment_status":"closed","ping_status":"closed","template":"","meta":{"_links_to":"","_links_to_target":""},"_links":{"self":[{"href":"https:\/\/derechoprocesal.umh.es\/ca\/wp-json\/wp\/v2\/pages\/3108"}],"collection":[{"href":"https:\/\/derechoprocesal.umh.es\/ca\/wp-json\/wp\/v2\/pages"}],"about":[{"href":"https:\/\/derechoprocesal.umh.es\/ca\/wp-json\/wp\/v2\/types\/page"}],"author":[{"embeddable":true,"href":"https:\/\/derechoprocesal.umh.es\/ca\/wp-json\/wp\/v2\/users\/3350"}],"replies":[{"embeddable":true,"href":"https:\/\/derechoprocesal.umh.es\/ca\/wp-json\/wp\/v2\/comments?post=3108"}],"version-history":[{"count":0,"href":"https:\/\/derechoprocesal.umh.es\/ca\/wp-json\/wp\/v2\/pages\/3108\/revisions"}],"up":[{"embeddable":true,"href":"https:\/\/derechoprocesal.umh.es\/ca\/wp-json\/wp\/v2\/pages\/572"}],"wp:attachment":[{"href":"https:\/\/derechoprocesal.umh.es\/ca\/wp-json\/wp\/v2\/media?parent=3108"}],"curies":[{"name":"wp","href":"https:\/\/api.w.org\/{rel}","templated":true}]}}