{"id":7,"date":"2012-04-18T10:45:05","date_gmt":"2012-04-18T10:45:05","guid":{"rendered":"http:\/\/derechoprocesal.umh.es\/docencia\/"},"modified":"2022-04-05T12:56:52","modified_gmt":"2022-04-05T10:56:52","slug":"docencia","status":"publish","type":"page","link":"https:\/\/derechoprocesal.umh.es\/ca\/docencia\/","title":{"rendered":"Doc\u00e8ncia"},"content":{"rendered":"<p><\/p>\n<address><strong><strong><span style=\"font-style: normal\"> Titulacions<\/span><\/strong><\/strong>&nbsp;<\/p>\n<p><span style=\"font-style: normal\"><span style=\"color: #ffffff\">&#8230;<\/span>. <\/span><a href=\"http:\/\/www.umh.es\/contenido\/Estudios\/:tit_c_81\/datos_es.html\" target=\"_blank\" rel=\"noopener noreferrer\"><a href=\"http:\/\/www.umh.es\/contenido\/Estudios\/:tit_c_81\/datos_es.html\" target=\"_blank\" rel=\"noopener noreferrer\"><a href=\"http:\/\/www.umh.es\/contenido\/Estudios\/:tit_c_81\/datos_es.html\" target=\"_blank\" rel=\"noopener noreferrer\"><span style=\"font-style: normal\">Diplomat en Relacions Laborals<\/span><\/a><\/a><\/a>&nbsp;<\/p>\n<p><a href=\"http:\/\/www.umh.es\/contenido\/Estudios\/:tit_c_81\/datos_es.html\" target=\"_blank\" rel=\"noopener noreferrer\"><a href=\"http:\/\/www.umh.es\/contenido\/Estudios\/:tit_c_81\/datos_es.html\" target=\"_blank\" rel=\"noopener noreferrer\"><span style=\"color: #ffffff\">&#8230;&#8230;..<\/span>\u00b7\u00a0<a href=\"http:\/\/www.umh.es\/contenido\/Estudios\/:asi_c_4732\/datos_es.html\" target=\"_blank\" rel=\"noopener noreferrer\"><a href=\"http:\/\/www.umh.es\/contenido\/Estudios\/:asi_c_4732\/datos_es.html\" target=\"_blank\" rel=\"noopener noreferrer\">Dret Processal Laboral Especial<\/a><\/a><\/a><\/a>&nbsp;<\/p>\n<p><a href=\"http:\/\/www.umh.es\/contenido\/Estudios\/:tit_c_81\/datos_es.html\" target=\"_blank\" rel=\"noopener noreferrer\"><a href=\"http:\/\/www.umh.es\/contenido\/Estudios\/:tit_c_81\/datos_es.html\" target=\"_blank\" rel=\"noopener noreferrer\"><a href=\"http:\/\/www.umh.es\/contenido\/Estudios\/:asi_c_4732\/datos_es.html\" target=\"_blank\" rel=\"noopener noreferrer\"><span style=\"color: #ffffff\"><span style=\"color: #888888\"> <span style=\"color: #ffffff\">&#8230;&#8230;.<\/span><\/span>.<\/span>\u00b7\u00a0<a href=\"http:\/\/www.umh.es\/contenido\/Estudios\/:asi_c_4731\/datos_es.html\" target=\"_blank\" rel=\"noopener noreferrer\"><a href=\"http:\/\/www.umh.es\/contenido\/Estudios\/:asi_c_4731\/datos_es.html\" target=\"_blank\" rel=\"noopener noreferrer\">Dret Processal Laboral Ordinari<\/a><\/a><\/a><\/a><\/a>&nbsp;<\/p>\n<p><a href=\"http:\/\/www.umh.es\/contenido\/Estudios\/:tit_c_81\/datos_es.html\" target=\"_blank\" rel=\"noopener noreferrer\"><a href=\"http:\/\/www.umh.es\/contenido\/Estudios\/:tit_c_81\/datos_es.html\" target=\"_blank\" rel=\"noopener noreferrer\"><a href=\"http:\/\/www.umh.es\/contenido\/Estudios\/:asi_c_4732\/datos_es.html\" target=\"_blank\" rel=\"noopener noreferrer\"><a href=\"http:\/\/www.umh.es\/contenido\/Estudios\/:asi_c_4731\/datos_es.html\" target=\"_blank\" rel=\"noopener noreferrer\"><span style=\"color: #ffffff\"><span style=\"color: #ffffff\">.<\/span><\/span><\/a><\/a><\/a><\/a>&nbsp;<\/p>\n<p><a href=\"http:\/\/www.umh.es\/contenido\/Estudios\/:tit_c_81\/datos_es.html\" target=\"_blank\" rel=\"noopener noreferrer\"><a href=\"http:\/\/www.umh.es\/contenido\/Estudios\/:tit_c_81\/datos_es.html\" target=\"_blank\" rel=\"noopener noreferrer\"><a href=\"http:\/\/www.umh.es\/contenido\/Estudios\/:asi_c_4732\/datos_es.html\" target=\"_blank\" rel=\"noopener noreferrer\"><a href=\"http:\/\/www.umh.es\/contenido\/Estudios\/:asi_c_4731\/datos_es.html\" target=\"_blank\" rel=\"noopener noreferrer\"><span style=\"font-style: normal\"><span style=\"color: #ffffff\">&#8230;<\/span>. <\/span><a href=\"http:\/\/www.umh.es\/contenido\/Estudios\/:tit_g_137\/datos_es.html\" target=\"_blank\" rel=\"noopener noreferrer\"><a href=\"http:\/\/www.umh.es\/contenido\/Estudios\/:tit_g_137\/datos_es.html\" target=\"_blank\" rel=\"noopener noreferrer\"><span style=\"font-style: normal\">Grau en Relacions Laborals i Recursos Humans<\/span><\/a><\/a><\/a><\/a><\/a><\/a>&nbsp;<\/p>\n<p><a href=\"http:\/\/www.umh.es\/contenido\/Estudios\/:tit_c_81\/datos_es.html\" target=\"_blank\" rel=\"noopener noreferrer\"><a href=\"http:\/\/www.umh.es\/contenido\/Estudios\/:tit_c_81\/datos_es.html\" target=\"_blank\" rel=\"noopener noreferrer\"><a href=\"http:\/\/www.umh.es\/contenido\/Estudios\/:asi_c_4732\/datos_es.html\" target=\"_blank\" rel=\"noopener noreferrer\"><a href=\"http:\/\/www.umh.es\/contenido\/Estudios\/:asi_c_4731\/datos_es.html\" target=\"_blank\" rel=\"noopener noreferrer\"><a href=\"http:\/\/www.umh.es\/contenido\/Estudios\/:tit_g_137\/datos_es.html\" target=\"_blank\" rel=\"noopener noreferrer\"><span style=\"color: #ffffff\">&#8230;&#8230;..<\/span>\u00b7\u00a0<a href=\"http:\/\/www.umh.es\/contenido\/Estudios\/:asi_g_1894\/datos_es.html\" target=\"_blank\" rel=\"noopener noreferrer\"><a href=\"http:\/\/www.umh.es\/contenido\/Estudios\/:asi_g_1894\/datos_es.html\" target=\"_blank\" rel=\"noopener noreferrer\">Dret Processal Laboral<\/a><\/a><\/a><\/a><\/a><\/a><\/a>&nbsp;<\/p>\n<p><a href=\"http:\/\/www.umh.es\/contenido\/Estudios\/:tit_c_81\/datos_es.html\" target=\"_blank\" rel=\"noopener noreferrer\"><a href=\"http:\/\/www.umh.es\/contenido\/Estudios\/:tit_c_81\/datos_es.html\" target=\"_blank\" rel=\"noopener noreferrer\"><a href=\"http:\/\/www.umh.es\/contenido\/Estudios\/:asi_c_4732\/datos_es.html\" target=\"_blank\" rel=\"noopener noreferrer\"><a href=\"http:\/\/www.umh.es\/contenido\/Estudios\/:asi_c_4731\/datos_es.html\" target=\"_blank\" rel=\"noopener noreferrer\"><a href=\"http:\/\/www.umh.es\/contenido\/Estudios\/:tit_g_137\/datos_es.html\" target=\"_blank\" rel=\"noopener noreferrer\"><a href=\"http:\/\/www.umh.es\/contenido\/Estudios\/:asi_g_1894\/datos_es.html\" target=\"_blank\" rel=\"noopener noreferrer\"><span style=\"color: #ffffff\">&#8230;&#8230;..<\/span>\u00b7\u00a0<a href=\"http:\/\/www.umh.es\/contenido\/Estudios\/:asi_c_4032\/datos_es.html\" target=\"_blank\" rel=\"noopener noreferrer\">Introducci\u00f3 al Dret Processal<\/a> (extingida, nom\u00e9s avaluaci\u00f3)<\/a><\/a><\/a><\/a><\/a><\/a><span style=\"color: #ffffff\">&#8230;&#8230;..<\/span>\u00b7\u00a0<a href=\"http:\/\/www.umh.es\/contenido\/Estudios\/:asi_c_5728\/datos_es.html\" target=\"_blank\" rel=\"noopener noreferrer\">Dret Processal Administratiu<\/a><\/p>\n<p><a href=\"http:\/\/www.umh.es\/contenido\/Estudios\/:tit_c_81\/datos_es.html\" target=\"_blank\" rel=\"noopener noreferrer\"><a href=\"http:\/\/www.umh.es\/contenido\/Estudios\/:tit_c_81\/datos_es.html\" target=\"_blank\" rel=\"noopener noreferrer\"><a href=\"http:\/\/www.umh.es\/contenido\/Estudios\/:asi_c_4732\/datos_es.html\" target=\"_blank\" rel=\"noopener noreferrer\"><a href=\"http:\/\/www.umh.es\/contenido\/Estudios\/:asi_c_4731\/datos_es.html\" target=\"_blank\" rel=\"noopener noreferrer\"><a href=\"http:\/\/www.umh.es\/contenido\/Estudios\/:tit_g_137\/datos_es.html\" target=\"_blank\" rel=\"noopener noreferrer\"><a href=\"http:\/\/www.umh.es\/contenido\/Estudios\/:asi_g_1894\/datos_es.html\" target=\"_blank\" rel=\"noopener noreferrer\"><\/a><\/a><\/a><\/a><\/a><\/a><span style=\"color: #ffffff\">&#8230;&#8230;..<\/span>\u00b7\u00a0<a href=\"http:\/\/www.umh.es\/contenido\/Estudios\/:asi_c_6907\/datos_es.html\" target=\"_blank\" rel=\"noopener noreferrer\">Dret Processal Laboral Ordinari<\/a><\/p>\n<p><a href=\"http:\/\/www.umh.es\/contenido\/Estudios\/:tit_c_81\/datos_es.html\" target=\"_blank\" rel=\"noopener noreferrer\"><a href=\"http:\/\/www.umh.es\/contenido\/Estudios\/:tit_c_81\/datos_es.html\" target=\"_blank\" rel=\"noopener noreferrer\"><a href=\"http:\/\/www.umh.es\/contenido\/Estudios\/:asi_c_4732\/datos_es.html\" target=\"_blank\" rel=\"noopener noreferrer\"><a href=\"http:\/\/www.umh.es\/contenido\/Estudios\/:asi_c_4731\/datos_es.html\" target=\"_blank\" rel=\"noopener noreferrer\"><a href=\"http:\/\/www.umh.es\/contenido\/Estudios\/:tit_g_137\/datos_es.html\" target=\"_blank\" rel=\"noopener noreferrer\"><a href=\"http:\/\/www.umh.es\/contenido\/Estudios\/:asi_g_1894\/datos_es.html\" target=\"_blank\" rel=\"noopener noreferrer\"><\/a><\/a><\/a><\/a><\/a><\/a><span style=\"color: #ffffff\">&#8230;&#8230;..<\/span>\u00b7\u00a0<a href=\"http:\/\/www.umh.es\/contenido\/Estudios\/:asi_c_4642\/datos_es.html\" target=\"_blank\" rel=\"noopener noreferrer\">Dret Processal<\/a><\/p>\n<p><a href=\"http:\/\/www.umh.es\/contenido\/Estudios\/:tit_c_81\/datos_es.html\" target=\"_blank\" rel=\"noopener noreferrer\"><a href=\"http:\/\/www.umh.es\/contenido\/Estudios\/:asi_c_4732\/datos_es.html\" target=\"_blank\" rel=\"noopener noreferrer\"><a href=\"http:\/\/www.umh.es\/contenido\/Estudios\/:asi_c_4731\/datos_es.html\" target=\"_blank\" rel=\"noopener noreferrer\"><a href=\"http:\/\/www.umh.es\/contenido\/Estudios\/:tit_g_137\/datos_es.html\" target=\"_blank\" rel=\"noopener noreferrer\"><a href=\"http:\/\/www.umh.es\/contenido\/Estudios\/:asi_g_1894\/datos_es.html\" target=\"_blank\" rel=\"noopener noreferrer\"><\/a><\/a><\/a><\/a><\/a><\/address>\n<address><span style=\"color: #ffffff\">.<\/span><span style=\"font-style: normal\"><span style=\"font-style: normal\"><span style=\"color: #ffffff\">&#8230;<\/span>.\u00a0<a href=\"http:\/\/www.umh.es\/contenido\/Estudios\/:tit_g_144\/datos_es.html\" target=\"_blank\" rel=\"noopener noreferrer\">Grau en Ci\u00e8ncies Pol\u00edtiques i Gesti\u00f3 P\u00fablica<\/a><\/span><\/span>&nbsp;<\/p>\n<p><span style=\"color: #ffffff\">&#8230;&#8230;..<\/span>\u00b7\u00a0Proc\u00e9s i Administraci\u00f3 P\u00fablica (sense implantar)<\/address>\n<address><span style=\"color: #ffffff\">.<\/span><span style=\"color: #ffffff\">.<\/span><span style=\"color: #ffffff\">&#8230;<\/span><span style=\"font-style: normal\">. <\/span><a href=\"http:\/\/www.umh.es\/contenido\/Estudios\/:tit_g_139\/datos_es.html\" target=\"_blank\" rel=\"noopener noreferrer\">Grau en Dret<\/a><\/p>\n<\/address>\n<address><span style=\"color: #ffffff\">&#8230;&#8230;..<\/span>\u00b7\u00a0Dret Processal Civil (sense implantar)<\/address>\n<address><span style=\"color: #ffffff\">&#8230;&#8230;..<\/span>\u00b7\u00a0Dret Processal Penal (sense implantar)<\/address>\n<address><span style=\"color: #ffffff\">.<\/span><\/address>\n<address><span style=\"font-style: normal\"><span style=\"color: #ffffff\">&#8230;<\/span>.\u00a0<a href=\"http:\/\/www.umh.es\/contenido\/Estudios\/:tit_c_14\/datos_es.html\" target=\"_blank\" rel=\"noopener noreferrer\">Llicenciat en Ci\u00e8ncias Pol\u00edtiques i de l&#8217;Administraci\u00f3<\/a><\/span><\/address>\n<address><span style=\"color: #ffffff\">&#8230;&#8230;..<\/span>\u00b7\u00a0<a href=\"http:\/\/www.umh.es\/contenido\/Estudios\/:asi_c_6920\/datos_es.html\" target=\"_blank\" rel=\"noopener noreferrer\">El Proc\u00e9s Judicial Administratiu<\/a><\/address>\n<address><span style=\"color: #ffffff\">.<\/span><\/address>\n<address><span style=\"font-style: normal\"><span style=\"color: #ffffff\">&#8230;<\/span>.\u00a0<a href=\"http:\/\/www.umh.es\/contenido\/Estudios\/:tit_c_82\/datos_es.html\" target=\"_blank\" rel=\"noopener noreferrer\">Llicenciat en Dret<\/a><\/span><\/address>\n<address><span style=\"color: #ffffff\">&#8230;&#8230;..<\/span>\u00b7\u00a0<a href=\"http:\/\/www.umh.es\/contenido\/Estudios\/:asi_c_4644\/datos_es.html\" target=\"_blank\" rel=\"noopener noreferrer\">Practicum II<\/a><\/address>\n<address><span style=\"color: #ffffff\">.<\/span><\/address>\n<address><strong>Estudis propis<\/strong><\/address>\n<address><span style=\"font-style: normal\"><span style=\"color: #ffffff\">&#8230;<\/span>.\u00a0<a href=\"http:\/\/www.umh.es\/fpo\/fichaCursoFPO.asp?caca=2011&amp;id_edicion=3453\" target=\"_blank\" rel=\"noopener noreferrer\">Diploma Superior Universitari en Seguretat i Ci\u00e8ncies Policials<\/a><\/span><\/address>\n<address><span style=\"color: #ffffff\">&#8230;&#8230;..<\/span>\u00b7\u00a0<a href=\"http:\/\/www.umh.es\/fpo\/fichaAsignaturaFPO.asp?asi=10499\" target=\"_blank\" rel=\"noopener noreferrer\">Dret Processal Penal<\/a><\/address>\n<address><span style=\"color: #ffffff\">.<\/span><\/address>\n<address><span style=\"font-style: normal\"><span style=\"color: #ffffff\">&#8230;<\/span>.\u00a0<a href=\"http:\/\/www.umh.es\/fpo\/fichaCursoFPO.asp?caca=2011&amp;id_edicion=3451\" target=\"_blank\" rel=\"noopener noreferrer\">Expert Universitari en Investigaci\u00f3 criminal i criminal\u00edstica<\/a><\/span><\/address>\n<address><span style=\"color: #ffffff\">&#8230;&#8230;..<\/span>\u00b7\u00a0<a href=\"http:\/\/www.umh.es\/fpo\/fichaAsignaturaFPO.asp?asi=10487\" target=\"_blank\" rel=\"noopener noreferrer\">Dret Processal Penal<\/a><\/address>\n<address><span style=\"color: #ffffff\">&#8230;&#8230;..<\/span>\u00b7\u00a0<a href=\"http:\/\/www.umh.es\/fpo\/fichaAsignaturaFPO.asp?asi=10483\" target=\"_blank\" rel=\"noopener noreferrer\">La prova pericial<\/a><\/address>\n<address><span style=\"color: #ffffff\">.<\/span><\/address>\n<address><span style=\"font-style: normal\"><span style=\"color: #ffffff\">&#8230;<\/span>.\u00a0<a href=\"http:\/\/www.umh.es\/fpo\/fichaCursoFPO.asp?caca=2011&amp;id_edicion=3447\" target=\"_blank\" rel=\"noopener noreferrer\">Expert Universitari en delinq\u00fc\u00e8ncia de tr\u00e0nsit<\/a><\/span><\/address>\n<address><span style=\"color: #ffffff\">&#8230;&#8230;..<\/span>\u00b7\u00a0<a href=\"http:\/\/www.umh.es\/fpo\/fichaAsignaturaFPO.asp?asi=10447\" target=\"_blank\" rel=\"noopener noreferrer\">El proc\u00e9s penal de tr\u00e0nsit<\/a><\/address>\n<address><span style=\"color: #ffffff\">.<\/span><\/address>\n<p><\/p>","protected":false},"excerpt":{"rendered":"<p> Titulacions&nbsp;<br \/>\n&#8230;. Diplomat en Relacions Laborals&nbsp;<br \/>\n&#8230;&#8230;..\u00b7\u00a0Dret Processal Laboral Especial&nbsp;<br \/>\n &#8230;&#8230;..\u00b7\u00a0Dret Processal Laboral Ordinari&nbsp;<br \/>\n.&nbsp;<br \/>\n&#8230;. Grau en Relacions Laborals i Recursos Humans&nbsp;<br \/>\n&#8230;&#8230;..\u00b7\u00a0Dret Processal Laboral&nbsp;<br \/>\n&#8230;&#8230;..\u00b7\u00a0Introducci\u00f3 al Dret Processal (extingida, nom\u00e9s avaluaci\u00f3)&#8230;&#8230;..\u00b7\u00a0Dret Processal Administratiu<br \/>\n&#8230;&#8230;..\u00b7\u00a0Dret Processal Laboral Ordinari<br \/>\n&#8230;&#8230;..\u00b7\u00a0Dret Processal<\/p>\n<p>.&#8230;.\u00a0Grau en Ci\u00e8ncies Pol\u00edtiques i Gesti\u00f3 P\u00fablica&nbsp;<br \/>\n&#8230;&#8230;..\u00b7\u00a0Proc\u00e9s i Administraci\u00f3 P\u00fablica (sense implantar)<br \/>\n..&#8230;. Grau en Dret<\/p>\n<p>&#8230;&#8230;..\u00b7\u00a0Dret Processal Civil (sense implantar)<br \/>\n&#8230;&#8230;..\u00b7\u00a0Dret Processal Penal (sense [&#8230;]<\/p>\n","protected":false},"author":904,"featured_media":0,"parent":0,"menu_order":30,"comment_status":"closed","ping_status":"open","template":"","meta":{"_links_to":"","_links_to_target":""},"_links":{"self":[{"href":"https:\/\/derechoprocesal.umh.es\/ca\/wp-json\/wp\/v2\/pages\/7"}],"collection":[{"href":"https:\/\/derechoprocesal.umh.es\/ca\/wp-json\/wp\/v2\/pages"}],"about":[{"href":"https:\/\/derechoprocesal.umh.es\/ca\/wp-json\/wp\/v2\/types\/page"}],"author":[{"embeddable":true,"href":"https:\/\/derechoprocesal.umh.es\/ca\/wp-json\/wp\/v2\/users\/904"}],"replies":[{"embeddable":true,"href":"https:\/\/derechoprocesal.umh.es\/ca\/wp-json\/wp\/v2\/comments?post=7"}],"version-history":[{"count":0,"href":"https:\/\/derechoprocesal.umh.es\/ca\/wp-json\/wp\/v2\/pages\/7\/revisions"}],"wp:attachment":[{"href":"https:\/\/derechoprocesal.umh.es\/ca\/wp-json\/wp\/v2\/media?parent=7"}],"curies":[{"name":"wp","href":"https:\/\/api.w.org\/{rel}","templated":true}]}}