{"id":713,"date":"2018-12-12T22:35:05","date_gmt":"2018-12-12T21:35:05","guid":{"rendered":"http:\/\/derechoprocesal.umh.es\/?page_id=713"},"modified":"2024-07-01T19:13:49","modified_gmt":"2024-07-01T17:13:49","slug":"trabajo-fin-de-grado","status":"publish","type":"page","link":"https:\/\/derechoprocesal.umh.es\/ca\/trabajo-fin-de-grado\/","title":{"rendered":"Trabajo Fin de Grado"},"content":{"rendered":"<p><strong>**Debido a la crisis sanitaria ocasionada por el COVID-19, la defensa y exposici\u00f3n p\u00fablica de los Trabajos Final de Grado de la convocatoria de junio se realizar\u00e1 de forma virtual a trav\u00e9s Google Meet mediante una reuni\u00f3n en la que participe el\/la estudiante y el tribunal evaluador. Adicionalmente, el Tribunal evaluador habilitar\u00e1 otra reuni\u00f3n paralela en la que solamente participe el tribunal evaluador para consensuar la calificaci\u00f3n**<\/strong><\/p>\n<p><ins datetime=\"2018-12-12T21:36:37+00:00\"><strong>Normativa interna del \u00e1rea de Derecho procesal para la evaluaci\u00f3n de la asignatura &#8220;Trabajo Fin de Grado&#8221;<\/strong><\/ins><\/p>\n<p>A la vista de la modificaci\u00f3n del sistema de evaluaci\u00f3n de la asignatura &#8220;Trabajo Fin de Grado&#8221; (en adelante, TFG) en el Plan de Estudios del Grado en Derecho aprobada por en la Reuni\u00f3n Extraordinaria del Consejo de Curso y Grado en Derecho del curso acad\u00e9mico 2017\/2018 celebrada el Mi\u00e9rcoles 4 de Octubre de 2017 y aprobada por la Agencia Nacional de Evaluaci\u00f3n de la Calidad y Acreditaci\u00f3n el 08 de febrero de 2018, el \u00e1rea de Derecho procesal aprueba una normativa interna para la evaluaci\u00f3n de los trabajos de investigaci\u00f3n tutorizados por el profesorado de este \u00e1rea de conocimiento.<br \/>\nEstas directrices internas del \u00e1rea de Derecho procesal para evaluaci\u00f3n de los trabajos dirigidos por el profesorado de Derecho procesal son plenamente compatibles con la Normativa de los Trabajos Fin de Grado de la Universidad Miguel Hern\u00e1ndez, regulados por el Real Decreto 1393\/2007. Con esta normativa, adem\u00e1s, se cumplen la competencia b\u00e1sica &#8220;CG9 &#8211; Capacidad de comunicaci\u00f3n en lenguajes formales, gr\u00e1ficos y simb\u00f3licos y mediante la expresi\u00f3n oral y escrita&#8221; y la competencia espec\u00edfica &#8221; CE5 &#8211; Utilizar las habilidades de comunicaci\u00f3n para expresarse apropiadamente ante un auditorio especializado&#8221; que la memoria del T\u00edtulo del Grado en Derecho contempla para esta asignatura.<\/p>\n<p><strong>Primero.<\/strong> Estas directrices afectan a los trabajos de investigaci\u00f3n de la asignatura TRABAJO FIN DE GRADO, del Grado en Derecho (c\u00f3digo: 1458) dirigidos por el profesorado del \u00e1rea de Derecho procesal del Departamento de Ciencia Jur\u00eddica de la Universidad Miguel Hern\u00e1ndez<\/p>\n<p><strong>Segundo.<\/strong> El profesor o profesora de Derecho procesal tutor calificar\u00e1 el trabajo de investigaci\u00f3n sobre la base de la suma de dos par\u00e1metros: el 60% sobre la evaluaci\u00f3n del trabajo escrito y el 40 % sobre la exposici\u00f3n p\u00fablica del mismo ante un Tribunal. Para la valoraci\u00f3n del trabajo escrito se valorar\u00e1n los conocimientos y competencias adquiridas en el estudio, la originalidad y calidad del trabajo, la capacidad cr\u00edtica del estudiante, la calidad cient\u00edfica del mismo, la redacci\u00f3n, la capacidad cr\u00edtica y el manejo de fuentes jur\u00eddicas (legales, jurisprudenciales y doctrinales) del estudiante. Para la valoraci\u00f3n de la defensa del trabajo se valorar\u00e1 la propuesta vinculante del Tribunal sobre la base de aspectos tales como la intervenci\u00f3n oral, la presentaci\u00f3n y claridad expositiva, la capacidad de expresi\u00f3n, la capacidad de s\u00edntesis y las respuestas a las preguntas del Tribunal del estudiante<\/p>\n<p><strong>Tercero.<\/strong> El Tribunal de evaluaci\u00f3n se conforma con profesores del \u00e1rea de Derecho procesal en cada una de las convocatorias, con expresa menci\u00f3n del lugar, fecha, hora y orden de realizaci\u00f3n de las defensas de los estudiantes, que en ning\u00fan caso podr\u00e1n finalizar con posterioridad al periodo de presentaci\u00f3n de actas establecido en el Calendario Acad\u00e9mico<\/p>\n<p><strong>Cuarto.<\/strong> El acto de defensa consiste en una exposici\u00f3n oral p\u00fablica y presencial que se ajustar\u00e1 a 10 minutos, seguida de las consideraciones y preguntas que los miembros del Tribunal estimen oportunas, debiendo el estudiante responder a dichas cuestiones.<\/ins><\/p>","protected":false},"excerpt":{"rendered":"<p>**Debido a la crisis sanitaria ocasionada por el COVID-19, la defensa y exposici\u00f3n p\u00fablica de los Trabajos Final de Grado de la convocatoria de junio se realizar\u00e1 de forma virtual a trav\u00e9s Google Meet mediante una reuni\u00f3n en la que participe el\/la estudiante y el tribunal evaluador. Adicionalmente, el Tribunal evaluador habilitar\u00e1 otra reuni\u00f3n paralela [&#8230;]<\/p>\n","protected":false},"author":3350,"featured_media":0,"parent":0,"menu_order":70,"comment_status":"closed","ping_status":"closed","template":"","meta":{"_links_to":"","_links_to_target":""},"_links":{"self":[{"href":"https:\/\/derechoprocesal.umh.es\/ca\/wp-json\/wp\/v2\/pages\/713"}],"collection":[{"href":"https:\/\/derechoprocesal.umh.es\/ca\/wp-json\/wp\/v2\/pages"}],"about":[{"href":"https:\/\/derechoprocesal.umh.es\/ca\/wp-json\/wp\/v2\/types\/page"}],"author":[{"embeddable":true,"href":"https:\/\/derechoprocesal.umh.es\/ca\/wp-json\/wp\/v2\/users\/3350"}],"replies":[{"embeddable":true,"href":"https:\/\/derechoprocesal.umh.es\/ca\/wp-json\/wp\/v2\/comments?post=713"}],"version-history":[{"count":0,"href":"https:\/\/derechoprocesal.umh.es\/ca\/wp-json\/wp\/v2\/pages\/713\/revisions"}],"wp:attachment":[{"href":"https:\/\/derechoprocesal.umh.es\/ca\/wp-json\/wp\/v2\/media?parent=713"}],"curies":[{"name":"wp","href":"https:\/\/api.w.org\/{rel}","templated":true}]}}