{"id":158,"date":"2013-12-10T21:25:17","date_gmt":"2013-12-10T20:25:17","guid":{"rendered":"http:\/\/derechoprocesal.umh.es\/?page_id=158"},"modified":"2019-02-17T21:01:19","modified_gmt":"2019-02-17T20:01:19","slug":"master-universitario-en-abogacia","status":"publish","type":"page","link":"https:\/\/derechoprocesal.umh.es\/en\/master-universitario-en-abogacia\/","title":{"rendered":"<span lang=\"es\">(Espa\u00f1ol) M\u00e1ster Universitario en Abogac\u00eda<\/span>"},"content":{"rendered":"<p class=\"qtranxs-available-languages-message qtranxs-available-languages-message-en\">Sorry, this entry is only available in <a href=\"https:\/\/derechoprocesal.umh.es\/es\/wp-json\/wp\/v2\/pages\/158\" class=\"qtranxs-available-language-link qtranxs-available-language-link-es\" title=\"Espa\u00f1ol\">European Spanish<\/a>.<\/p>","protected":false},"excerpt":{"rendered":"<p>Sorry, this entry is only available in European Spanish.<\/p>\n","protected":false},"author":2948,"featured_media":0,"parent":0,"menu_order":60,"comment_status":"closed","ping_status":"open","template":"","meta":{"_links_to":"","_links_to_target":""},"_links":{"self":[{"href":"https:\/\/derechoprocesal.umh.es\/en\/wp-json\/wp\/v2\/pages\/158"}],"collection":[{"href":"https:\/\/derechoprocesal.umh.es\/en\/wp-json\/wp\/v2\/pages"}],"about":[{"href":"https:\/\/derechoprocesal.umh.es\/en\/wp-json\/wp\/v2\/types\/page"}],"author":[{"embeddable":true,"href":"https:\/\/derechoprocesal.umh.es\/en\/wp-json\/wp\/v2\/users\/2948"}],"replies":[{"embeddable":true,"href":"https:\/\/derechoprocesal.umh.es\/en\/wp-json\/wp\/v2\/comments?post=158"}],"version-history":[{"count":0,"href":"https:\/\/derechoprocesal.umh.es\/en\/wp-json\/wp\/v2\/pages\/158\/revisions"}],"wp:attachment":[{"href":"https:\/\/derechoprocesal.umh.es\/en\/wp-json\/wp\/v2\/media?parent=158"}],"curies":[{"name":"wp","href":"https:\/\/api.w.org\/{rel}","templated":true}]}}