{"id":1963,"date":"2022-02-28T12:53:47","date_gmt":"2022-02-28T11:53:47","guid":{"rendered":"https:\/\/derechoprocesal.umh.es\/?page_id=1963"},"modified":"2022-09-07T00:14:30","modified_gmt":"2022-09-06T22:14:30","slug":"guia-para-la-asistencia-juridica-gratuita-elaborada-por-jose-luis-mas-sanchez","status":"publish","type":"page","link":"https:\/\/derechoprocesal.umh.es\/en\/material-audiovisual\/divulgacion\/guia-para-la-asistencia-juridica-gratuita-elaborada-por-jose-luis-mas-sanchez\/","title":{"rendered":"<span lang=\"es\">(Espa\u00f1ol) GU\u00cdA PARA LA ASISTENCIA JUR\u00cdDICA GRATUITA elaborada por Jos\u00e9 Luis Mas S\u00e1nchez<\/span>"},"content":{"rendered":"<p class=\"qtranxs-available-languages-message qtranxs-available-languages-message-en\">Sorry, this entry is only available in <a href=\"https:\/\/derechoprocesal.umh.es\/es\/wp-json\/wp\/v2\/pages\/1963\" class=\"qtranxs-available-language-link qtranxs-available-language-link-es\" title=\"Espa\u00f1ol\">European Spanish<\/a>.<\/p>","protected":false},"excerpt":{"rendered":"<p>Sorry, this entry is only available in European Spanish.<\/p>\n","protected":false},"author":3350,"featured_media":0,"parent":641,"menu_order":0,"comment_status":"closed","ping_status":"closed","template":"","meta":{"_links_to":"","_links_to_target":""},"_links":{"self":[{"href":"https:\/\/derechoprocesal.umh.es\/en\/wp-json\/wp\/v2\/pages\/1963"}],"collection":[{"href":"https:\/\/derechoprocesal.umh.es\/en\/wp-json\/wp\/v2\/pages"}],"about":[{"href":"https:\/\/derechoprocesal.umh.es\/en\/wp-json\/wp\/v2\/types\/page"}],"author":[{"embeddable":true,"href":"https:\/\/derechoprocesal.umh.es\/en\/wp-json\/wp\/v2\/users\/3350"}],"replies":[{"embeddable":true,"href":"https:\/\/derechoprocesal.umh.es\/en\/wp-json\/wp\/v2\/comments?post=1963"}],"version-history":[{"count":0,"href":"https:\/\/derechoprocesal.umh.es\/en\/wp-json\/wp\/v2\/pages\/1963\/revisions"}],"up":[{"embeddable":true,"href":"https:\/\/derechoprocesal.umh.es\/en\/wp-json\/wp\/v2\/pages\/641"}],"wp:attachment":[{"href":"https:\/\/derechoprocesal.umh.es\/en\/wp-json\/wp\/v2\/media?parent=1963"}],"curies":[{"name":"wp","href":"https:\/\/api.w.org\/{rel}","templated":true}]}}